{"id":1368,"date":"2018-03-29T09:43:34","date_gmt":"2018-03-29T08:43:34","guid":{"rendered":"http:\/\/dev.joomexp.com\/wordpress\/cargo-pifour\/?page_id=1368"},"modified":"2025-05-13T13:39:49","modified_gmt":"2025-05-13T13:39:49","slug":"home-5-2","status":"publish","type":"page","link":"https:\/\/secnik.eu\/de\/","title":{"rendered":"Home 6"},"content":{"rendered":"<p>[vc_row][vc_column][vc_single_image image=&#8221;1995&#8243; img_size=&#8221;full&#8221;][\/vc_column][\/vc_row][vc_row css_animation=&#8221;fadeInDown&#8221; css=&#8221;.vc_custom_1522465492649{margin-bottom: 45px !important;padding-top: 60px !important;}&#8221;][vc_column width=&#8221;1\/3&#8243; css=&#8221;.vc_custom_1508555782010{margin-bottom: 30px !important;}&#8221;][cms_fancybox_single fancy_style=&#8221;style-1&#8243; title_item=&#8221;FUHRPARK&#8221; button_text=&#8221;Read More&#8221; cms_template=&#8221;cms_fancybox_single.php&#8221; description_item=&#8221;Unsere Flotte besteht aus 55 eigenen LKWs, die die h\u00f6chsten Anforderungen der europ\u00e4ischen Umweltstandards erf\u00fcllen (Euro 6-Motoren)&#8230;.&#8221; image=&#8221;539&#8243; link=&#8221;url:https%3A%2F%2Fsecnik.eu%2Fde%2Four-fleet%2F|title:Weiterlesen||&#8221;][\/vc_column][vc_column width=&#8221;1\/3&#8243; css=&#8221;.vc_custom_1508555789869{margin-bottom: 30px !important;}&#8221;][cms_fancybox_single fancy_style=&#8221;style-1&#8243; title_item=&#8221;TRANSPORT ROUTEN&#8221; button_text=&#8221;Read More&#8221; cms_template=&#8221;cms_fancybox_single.php&#8221; description_item=&#8221;Unser Unternehmen konzentriert sich haupts\u00e4chlich auf die Transportdienstleistungen der westeurop\u00e4ischen M\u00e4rkte. Die meisten Dienstleistungen werden in folgende L\u00e4nder erbracht: England, Belgien, Deutschland und die Niederlande.&#8221; image=&#8221;1779&#8243; link=&#8221;url:https%3A%2F%2Fsecnik.eu%2Fde%2Ftransport-routes%2F|title:Weiterlesen||&#8221;][\/vc_column][vc_column width=&#8221;1\/3&#8243; css=&#8221;.vc_custom_1508555797067{margin-bottom: 30px !important;}&#8221;][cms_fancybox_single fancy_style=&#8221;style-1&#8243; title_item=&#8221;LAGERUNG&#8221; button_text=&#8221;Read More&#8221; cms_template=&#8221;cms_fancybox_single.php&#8221; description_item=&#8221;Wir haben ein \u00fcberdachtes Lager mit einer Fl\u00e4che von 5000 m\u00b2. Um Flexibilit\u00e4t im Umgang mit Ladungen zu gew\u00e4hrleisten, verwenden wir unseren eigenen Gabelstapler mit einer Tragf\u00e4higkeit von 5 t.&#8221; image=&#8221;1848&#8243; link=&#8221;url:https%3A%2F%2Fsecnik.eu%2Fde%2Fwarehousing%2F|title:Weiterlesen||&#8221;][\/vc_column][\/vc_row][vc_row full_width=&#8221;stretch_row&#8221; css_animation=&#8221;fadeIn&#8221; overlay_opacity=&#8221;true&#8221; css=&#8221;.vc_custom_1522465549312{padding-top: 70px !important;padding-bottom: 40px !important;background: rgba(0,0,0,0.7) url(http:\/\/dev.joomexp.com\/wordpress\/cargo-pifour\/wp-content\/uploads\/2017\/10\/bg-contact1.jpg?id=912) !important;background-position: center !important;background-repeat: no-repeat !important;background-size: cover !important;*background-color: rgb(0,0,0) !important;}&#8221;][vc_column][vc_row_inner][vc_column_inner offset=&#8221;vc_col-lg-offset-2 vc_col-lg-8&#8243;][vc_custom_heading text=&#8221;Angebot anfordern&#8221; font_container=&#8221;tag:h1|text_align:center&#8221; use_theme_fonts=&#8221;yes&#8221; el_class=&#8221;contact-heading&#8221;][vc_column_text]<\/p>\n<p style=\"text-align: center;\">Um mit uns in Kontakt zu treten, f\u00fcllen Sie bitte das folgende Formular aus.<\/p>\n<p>[\/vc_column_text][\/vc_column_inner][\/vc_row_inner]\n<div class=\"wpcf7 no-js\" id=\"wpcf7-f932-o1\" lang=\"en-GB\" dir=\"ltr\" data-wpcf7-id=\"932\">\n<div class=\"screen-reader-response\"><p role=\"status\" aria-live=\"polite\" aria-atomic=\"true\"><\/p> <ul><\/ul><\/div>\n<form action=\"\/de\/wp-json\/wp\/v2\/pages\/1368#wpcf7-f932-o1\" method=\"post\" class=\"wpcf7-form init\" aria-label=\"Contact form\" novalidate=\"novalidate\" data-status=\"init\">\n<fieldset class=\"hidden-fields-container\"><input type=\"hidden\" name=\"_wpcf7\" value=\"932\" \/><input type=\"hidden\" name=\"_wpcf7_version\" value=\"6.1.5\" \/><input type=\"hidden\" name=\"_wpcf7_locale\" value=\"en_GB\" \/><input type=\"hidden\" name=\"_wpcf7_unit_tag\" value=\"wpcf7-f932-o1\" \/><input type=\"hidden\" name=\"_wpcf7_container_post\" value=\"0\" \/><input type=\"hidden\" name=\"_wpcf7_posted_data_hash\" value=\"\" \/><input type=\"hidden\" name=\"_wpcf7_recaptcha_response\" value=\"\" \/>\n<\/fieldset>\n<div class=\"contact-form form-request\">\n\t<div class=\"row\">\n\t\t<div class=\"col-xs-12 col-sm-6 col-md-6 col-lg-6 \">\n\t\t\t<p><span class=\"wpcf7-form-control-wrap\" data-name=\"your-name\"><input size=\"40\" maxlength=\"400\" class=\"wpcf7-form-control wpcf7-text wpcf7-validates-as-required form-control\" aria-required=\"true\" aria-invalid=\"false\" placeholder=\"Name\" value=\"\" type=\"text\" name=\"your-name\" \/><\/span>\n\t\t\t<\/p>\n\t\t\t<p><span class=\"wpcf7-form-control-wrap\" data-name=\"freight-type\"><input size=\"40\" maxlength=\"400\" class=\"wpcf7-form-control wpcf7-text wpcf7-validates-as-required form-control\" aria-required=\"true\" aria-invalid=\"false\" placeholder=\"Frachtart\" value=\"\" type=\"text\" name=\"freight-type\" \/><\/span>\n\t\t\t<\/p>\n\t\t\t<p><span class=\"wpcf7-form-control-wrap\" data-name=\"departure-city\"><input size=\"40\" maxlength=\"400\" class=\"wpcf7-form-control wpcf7-text wpcf7-validates-as-required form-control\" aria-required=\"true\" aria-invalid=\"false\" placeholder=\"Stadt der Abreise\" value=\"\" type=\"text\" name=\"departure-city\" \/><\/span>\n\t\t\t<\/p>\n\t\t\t<p><span class=\"wpcf7-form-control-wrap\" data-name=\"delivery-city\"><input size=\"40\" maxlength=\"400\" class=\"wpcf7-form-control wpcf7-text wpcf7-validates-as-required form-control\" aria-required=\"true\" aria-invalid=\"false\" placeholder=\"Lieferstadt\" value=\"\" type=\"text\" name=\"delivery-city\" \/><\/span>\n\t\t\t<\/p>\n\t\t\t<p><span class=\"wpcf7-form-control-wrap\" data-name=\"weight\"><input size=\"40\" maxlength=\"400\" class=\"wpcf7-form-control wpcf7-text wpcf7-validates-as-required form-control\" aria-required=\"true\" aria-invalid=\"false\" placeholder=\"Gesamtbruttogewicht (Kg)\" value=\"\" type=\"text\" name=\"weight\" \/><\/span>\n\t\t\t<\/p>\n\t\t<\/div>\n\t\t<div class=\"col-xs-12 col-sm-6 col-md-6 col-lg-6 \">\n\t\t\t<p><span class=\"wpcf7-form-control-wrap\" data-name=\"your-email\"><input size=\"40\" maxlength=\"400\" class=\"wpcf7-form-control wpcf7-email wpcf7-validates-as-required wpcf7-text wpcf7-validates-as-email form-control\" aria-required=\"true\" aria-invalid=\"false\" placeholder=\"Email\" value=\"\" type=\"email\" name=\"your-email\" \/><\/span>\n\t\t\t<\/p>\n\t\t\t<p><span class=\"wpcf7-form-control-wrap\" data-name=\"dimension\"><input size=\"40\" maxlength=\"400\" class=\"wpcf7-form-control wpcf7-text wpcf7-validates-as-required form-control\" aria-required=\"true\" aria-invalid=\"false\" placeholder=\"Dimension\" value=\"\" type=\"text\" name=\"dimension\" \/><\/span>\n\t\t\t<\/p>\n\t\t\t<p><span class=\"wpcf7-form-control-wrap\" data-name=\"your-message\"><textarea cols=\"100\" rows=\"4\" maxlength=\"2000\" class=\"wpcf7-form-control wpcf7-textarea wpcf7-validates-as-required form-control\" aria-required=\"true\" aria-invalid=\"false\" placeholder=\"Nachricht\" name=\"your-message\"><\/textarea><\/span>\n\t\t\t<\/p>\n\t\t\t<p class=\"btn-send\"><input class=\"wpcf7-form-control wpcf7-submit has-spinner btn btn-primary\" type=\"submit\" value=\"Nachricht senden\" \/>\n\t\t\t<\/p>\n\t\t<\/div>\n\t<\/div>\n<\/div><div class=\"wpcf7-response-output\" aria-hidden=\"true\"><\/div>\n<\/form>\n<\/div>\n[\/vc_column][\/vc_row][vc_row full_width=&#8221;stretch_row&#8221; css_animation=&#8221;fadeIn&#8221; css=&#8221;.vc_custom_1522463176284{padding-top: 65px !important;padding-bottom: 35px !important;background-color: #f0f0f0 !important;}&#8221;][vc_column css=&#8221;.vc_custom_1508682303495{padding-bottom: 25px !important;}&#8221;][vc_row_inner css=&#8221;.vc_custom_1508920830987{padding-bottom: 40px !important;}&#8221;][vc_column_inner offset=&#8221;vc_col-lg-offset-3 vc_col-lg-6&#8243;][cms_custom_heading add_border=&#8221;1&#8243; element_tag=&#8221;H1&#8243; title=&#8221;Galerie&#8221; css=&#8221;.vc_custom_1551705946190{margin-bottom: 20px !important;}&#8221;][vc_column_text]<\/p>\n<p style=\"text-align: center;\">Unsere Fahrzeuge werden regelm\u00e4\u00dfig modernisiert. Wir denken daran, dass nur moderne und \u00f6kologisch einwandfreie Fahrzeuge qualitativ hochwertige und finanziell akzeptable Dienstleistungen f\u00fcr unsere Kunden erbringen k\u00f6nnen.<\/p>\n<p>[\/vc_column_text][\/vc_column_inner][\/vc_row_inner][cms_gallery images=&#8221;1997,1534,1996,1536,1537,1538,1539,1540&#8243; col_xs=&#8221;1&#8243; col_sm=&#8221;2&#8243; col_md=&#8221;2&#8243; col_lg=&#8221;4&#8243; show_title=&#8221;&#8221; show_upload_date=&#8221;&#8221; cms_template=&#8221;cms_gallery.php&#8221;][\/vc_column][\/vc_row][vc_row full_width=&#8221;stretch_row&#8221; css_animation=&#8221;fadeIn&#8221; overlay_opacity=&#8221;true&#8221; bg_fixed=&#8221;true&#8221; css=&#8221;.vc_custom_1550657183636{padding-top: 75px !important;padding-bottom: 95px !important;background: rgba(10,10,10,0.8) url(http:\/\/dev.joomexp.com\/wordpress\/cargo-pifour\/wp-content\/uploads\/2017\/10\/bg-contact1.jpg?id=912) !important;background-position: center !important;background-repeat: no-repeat !important;background-size: cover !important;*background-color: rgb(10,10,10) !important;}&#8221;][vc_column][cms_custom_heading title_color=&#8221;#ffffff&#8221; add_border=&#8221;1&#8243; border_color=&#8221;#ffffff&#8221; element_tag=&#8221;H1&#8243; title=&#8221;UNSERE PARTNER&#8221; css=&#8221;.vc_custom_1551706040554{margin-bottom: 20px !important;}&#8221;]<style>#indeed_carousel_view_widget_4550 ul{text-align: center;}\n\t\t\t@media only screen and (max-width: 479px) {\n\t\t\t\t\t#indeed_carousel_view_widget_4550 ul li{\n\t\t\t\t\twidth: calc(100% - 1px) !important;\n\t\t\t\t}\n\t\t\t}\n\t\n\t\t\t@media only screen and (min-width: 480px) and (max-width: 767px){\n\t\t\t\t#indeed_carousel_view_widget_4550 ul li{\n\t\t\t\t\t\twidth: calc(50% - 1px) !important;\n\t\t\t\t\t}\n\t\t\t\t}\n\t\t\t<\/style><script><\/script><link rel=\"stylesheet\" href=\"https:\/\/secnik.eu\/de\/wp-content\/plugins\/indeed-my-logos-vc\/themes\/theme_8\/style.css\" type=\"text\/css\" media=\"all\"><link rel=\"stylesheet\" href=\"https:\/\/secnik.eu\/de\/wp-content\/plugins\/indeed-my-logos-vc\/files\/css\/effect_style.css\" type=\"text\/css\" media=\"all\"\/><div class='theme_8 pag-theme1'><div class='imc_wrapp'><div class='carousel_view' id='indeed_carousel_view_widget_4550' ><ul id='indeed_ul_4550_1' class=''><li style='width: calc(16.666666666667% - 1px);' class=' indeed-animated-effect'>\n<div class=\"imc-logo-wrapper tool_tip_set\" title=\"\" style=\"padding-top: 100%;\">\n <a ><div class=\"imc-logo\" style=\"background-image: url(https:\/\/secnik.eu\/de\/wp-content\/uploads\/2019\/02\/MAN-symbol-1920x1080.png);\"><\/div><\/a>\n <div class=\"imc-client-name\">\n \t\n <\/div>\n<\/div>\n<\/li><li style='width: calc(16.666666666667% - 1px);' class=' indeed-animated-effect'>\n<div class=\"imc-logo-wrapper tool_tip_set\" title=\"\" style=\"padding-top: 100%;\">\n <a ><div class=\"imc-logo\" style=\"background-image: url(https:\/\/secnik.eu\/de\/wp-content\/uploads\/2019\/02\/Iveco-logo-silver-3840x2160-1.png);\"><\/div><\/a>\n <div class=\"imc-client-name\">\n \t\n <\/div>\n<\/div>\n<\/li><li style='width: calc(16.666666666667% - 1px);' class=' indeed-animated-effect'>\n<div class=\"imc-logo-wrapper tool_tip_set\" title=\"\" style=\"padding-top: 100%;\">\n <a ><div class=\"imc-logo\" style=\"background-image: url(https:\/\/secnik.eu\/de\/wp-content\/uploads\/2019\/02\/berger-logo-1.png);\"><\/div><\/a>\n <div class=\"imc-client-name\">\n \t\n <\/div>\n<\/div>\n<\/li><li style='width: calc(16.666666666667% - 1px);' class=' indeed-animated-effect'>\n<div class=\"imc-logo-wrapper tool_tip_set\" title=\"\" style=\"padding-top: 100%;\">\n <a ><div class=\"imc-logo\" style=\"background-image: url(https:\/\/secnik.eu\/de\/wp-content\/uploads\/2019\/02\/Knauf-Insulation-Logo.png);\"><\/div><\/a>\n <div class=\"imc-client-name\">\n \t\n <\/div>\n<\/div>\n<\/li><div class='clear'><\/div><\/ul><\/div><\/div><\/div>[\/vc_column][\/vc_row]<\/p>\n","protected":false},"excerpt":{"rendered":"<p>[vc_row][vc_column][vc_single_image image=&#8221;1995&#8243; img_size=&#8221;full&#8221;][\/vc_column][\/vc_row][vc_row css_animation=&#8221;fadeInDown&#8221; css=&#8221;.vc_custom_1522465492649{margin-bottom: 45px !important;padding-top: 60px !important;}&#8221;][vc_column width=&#8221;1\/3&#8243; css=&#8221;.vc_custom_1508555782010{margin-bottom: 30px !important;}&#8221;][cms_fancybox_single fancy_style=&#8221;style-1&#8243; title_item=&#8221;FUHRPARK&#8221; button_text=&#8221;Read More&#8221; cms_template=&#8221;cms_fancybox_single.php&#8221; description_item=&#8221;Unsere Flotte besteht aus 55 eigenen LKWs, die die h\u00f6chsten Anforderungen der europ\u00e4ischen Umweltstandards erf\u00fcllen (Euro 6-Motoren)&#8230;.&#8221; image=&#8221;539&#8243; link=&#8221;url:https%3A%2F%2Fsecnik.eu%2Fde%2Four-fleet%2F|title:Weiterlesen||&#8221;][\/vc_column][vc_column width=&#8221;1\/3&#8243; css=&#8221;.vc_custom_1508555789869{margin-bottom: 30px !important;}&#8221;][cms_fancybox_single fancy_style=&#8221;style-1&#8243; title_item=&#8221;TRANSPORT ROUTEN&#8221; button_text=&#8221;Read More&#8221; cms_template=&#8221;cms_fancybox_single.php&#8221; description_item=&#8221;Unser Unternehmen konzentriert sich haupts\u00e4chlich auf die Transportdienstleistungen<\/p>\n","protected":false},"author":1,"featured_media":0,"parent":0,"menu_order":0,"comment_status":"closed","ping_status":"closed","template":"","meta":{"ngg_post_thumbnail":0,"footnotes":""},"class_list":["post-1368","page","type-page","status-publish","hentry"],"_links":{"self":[{"href":"https:\/\/secnik.eu\/de\/wp-json\/wp\/v2\/pages\/1368","targetHints":{"allow":["GET"]}}],"collection":[{"href":"https:\/\/secnik.eu\/de\/wp-json\/wp\/v2\/pages"}],"about":[{"href":"https:\/\/secnik.eu\/de\/wp-json\/wp\/v2\/types\/page"}],"author":[{"embeddable":true,"href":"https:\/\/secnik.eu\/de\/wp-json\/wp\/v2\/users\/1"}],"replies":[{"embeddable":true,"href":"https:\/\/secnik.eu\/de\/wp-json\/wp\/v2\/comments?post=1368"}],"version-history":[{"count":60,"href":"https:\/\/secnik.eu\/de\/wp-json\/wp\/v2\/pages\/1368\/revisions"}],"predecessor-version":[{"id":2021,"href":"https:\/\/secnik.eu\/de\/wp-json\/wp\/v2\/pages\/1368\/revisions\/2021"}],"wp:attachment":[{"href":"https:\/\/secnik.eu\/de\/wp-json\/wp\/v2\/media?parent=1368"}],"curies":[{"name":"wp","href":"https:\/\/api.w.org\/{rel}","templated":true}]}}