{"id":878,"date":"2017-11-03T02:02:13","date_gmt":"2017-11-03T02:02:13","guid":{"rendered":"http:\/\/dev.joomexp.com\/wordpress\/cargo-pifour\/?page_id=878"},"modified":"2019-05-17T12:31:08","modified_gmt":"2019-05-17T12:31:08","slug":"quote","status":"publish","type":"page","link":"https:\/\/secnik.eu\/de\/quote\/","title":{"rendered":"ANGEBOT ANFORDERN"},"content":{"rendered":"<p>[vc_row css=&#8221;.vc_custom_1509955670549{padding-bottom: 65px !important;}&#8221;][vc_column][vc_custom_heading text=&#8221;ANGEBOT ANFORDERN&#8221; font_container=&#8221;tag:h1|text_align:left&#8221; use_theme_fonts=&#8221;yes&#8221;]\n<div class=\"wpcf7 no-js\" id=\"wpcf7-f932-o1\" lang=\"en-GB\" dir=\"ltr\" data-wpcf7-id=\"932\">\n<div class=\"screen-reader-response\"><p role=\"status\" aria-live=\"polite\" aria-atomic=\"true\"><\/p> <ul><\/ul><\/div>\n<form action=\"\/de\/wp-json\/wp\/v2\/pages\/878#wpcf7-f932-o1\" method=\"post\" class=\"wpcf7-form init\" aria-label=\"Contact form\" novalidate=\"novalidate\" data-status=\"init\">\n<fieldset class=\"hidden-fields-container\"><input type=\"hidden\" name=\"_wpcf7\" value=\"932\" \/><input type=\"hidden\" name=\"_wpcf7_version\" value=\"6.1.5\" \/><input type=\"hidden\" name=\"_wpcf7_locale\" value=\"en_GB\" \/><input type=\"hidden\" name=\"_wpcf7_unit_tag\" value=\"wpcf7-f932-o1\" \/><input type=\"hidden\" name=\"_wpcf7_container_post\" value=\"0\" \/><input type=\"hidden\" name=\"_wpcf7_posted_data_hash\" value=\"\" \/><input type=\"hidden\" name=\"_wpcf7_recaptcha_response\" value=\"\" \/>\n<\/fieldset>\n<div class=\"contact-form form-request\">\n\t<div class=\"row\">\n\t\t<div class=\"col-xs-12 col-sm-6 col-md-6 col-lg-6 \">\n\t\t\t<p><span class=\"wpcf7-form-control-wrap\" data-name=\"your-name\"><input size=\"40\" maxlength=\"400\" class=\"wpcf7-form-control wpcf7-text wpcf7-validates-as-required form-control\" aria-required=\"true\" aria-invalid=\"false\" placeholder=\"Name\" value=\"\" type=\"text\" name=\"your-name\" \/><\/span>\n\t\t\t<\/p>\n\t\t\t<p><span class=\"wpcf7-form-control-wrap\" data-name=\"freight-type\"><input size=\"40\" maxlength=\"400\" class=\"wpcf7-form-control wpcf7-text wpcf7-validates-as-required form-control\" aria-required=\"true\" aria-invalid=\"false\" placeholder=\"Frachtart\" value=\"\" type=\"text\" name=\"freight-type\" \/><\/span>\n\t\t\t<\/p>\n\t\t\t<p><span class=\"wpcf7-form-control-wrap\" data-name=\"departure-city\"><input size=\"40\" maxlength=\"400\" class=\"wpcf7-form-control wpcf7-text wpcf7-validates-as-required form-control\" aria-required=\"true\" aria-invalid=\"false\" placeholder=\"Stadt der Abreise\" value=\"\" type=\"text\" name=\"departure-city\" \/><\/span>\n\t\t\t<\/p>\n\t\t\t<p><span class=\"wpcf7-form-control-wrap\" data-name=\"delivery-city\"><input size=\"40\" maxlength=\"400\" class=\"wpcf7-form-control wpcf7-text wpcf7-validates-as-required form-control\" aria-required=\"true\" aria-invalid=\"false\" placeholder=\"Lieferstadt\" value=\"\" type=\"text\" name=\"delivery-city\" \/><\/span>\n\t\t\t<\/p>\n\t\t\t<p><span class=\"wpcf7-form-control-wrap\" data-name=\"weight\"><input size=\"40\" maxlength=\"400\" class=\"wpcf7-form-control wpcf7-text wpcf7-validates-as-required form-control\" aria-required=\"true\" aria-invalid=\"false\" placeholder=\"Gesamtbruttogewicht (Kg)\" value=\"\" type=\"text\" name=\"weight\" \/><\/span>\n\t\t\t<\/p>\n\t\t<\/div>\n\t\t<div class=\"col-xs-12 col-sm-6 col-md-6 col-lg-6 \">\n\t\t\t<p><span class=\"wpcf7-form-control-wrap\" data-name=\"your-email\"><input size=\"40\" maxlength=\"400\" class=\"wpcf7-form-control wpcf7-email wpcf7-validates-as-required wpcf7-text wpcf7-validates-as-email form-control\" aria-required=\"true\" aria-invalid=\"false\" placeholder=\"Email\" value=\"\" type=\"email\" name=\"your-email\" \/><\/span>\n\t\t\t<\/p>\n\t\t\t<p><span class=\"wpcf7-form-control-wrap\" data-name=\"dimension\"><input size=\"40\" maxlength=\"400\" class=\"wpcf7-form-control wpcf7-text wpcf7-validates-as-required form-control\" aria-required=\"true\" aria-invalid=\"false\" placeholder=\"Dimension\" value=\"\" type=\"text\" name=\"dimension\" \/><\/span>\n\t\t\t<\/p>\n\t\t\t<p><span class=\"wpcf7-form-control-wrap\" data-name=\"your-message\"><textarea cols=\"100\" rows=\"4\" maxlength=\"2000\" class=\"wpcf7-form-control wpcf7-textarea wpcf7-validates-as-required form-control\" aria-required=\"true\" aria-invalid=\"false\" placeholder=\"Nachricht\" name=\"your-message\"><\/textarea><\/span>\n\t\t\t<\/p>\n\t\t\t<p class=\"btn-send\"><input class=\"wpcf7-form-control wpcf7-submit has-spinner btn btn-primary\" type=\"submit\" value=\"Nachricht senden\" \/>\n\t\t\t<\/p>\n\t\t<\/div>\n\t<\/div>\n<\/div><div class=\"wpcf7-response-output\" aria-hidden=\"true\"><\/div>\n<\/form>\n<\/div>\n[\/vc_column][\/vc_row][vc_row full_width=&#8221;stretch_row&#8221; css=&#8221;.vc_custom_1509956475985{margin-bottom: -30px !important;padding-top: 55px !important;padding-bottom: 55px !important;background-color: #f0f0f0 !important;}&#8221;][vc_column width=&#8221;1\/3&#8243;][cms_fancybox_single fancy_style=&#8221;style-3&#8243; icon_fontawesome=&#8221;fa fa-shield&#8221; title_item=&#8221;VERANTWORTLICH&#8221; description_item=&#8221;Wir behandeln unsere Kunden, Mitarbeiter und Gesch\u00e4ftspartner mit Respekt.Unsere Gesch\u00e4ftsbeziehung sind immer auf einem offenen Dialog basiert.Wir halten unser Wort und unsere Versprechen.&#8221;][\/vc_column][vc_column width=&#8221;1\/3&#8243;][cms_fancybox_single fancy_style=&#8221;style-3&#8243; icon_fontawesome=&#8221;fa fa-tachometer&#8221; title_item=&#8221;NACHHALTIG&#8221; description_item=&#8221;Wir wollen Mehrwert schaffen und auf allen Ebenen unserer Organisation und Gesch\u00e4ftseinheiten verantwortungsbewusst handeln. Wir streben nach nachhaltigem Erfolg und gehen sorgsam mit unserem Unternehmen und Ressourcen um.&#8221;][\/vc_column][vc_column width=&#8221;1\/3&#8243;][cms_fancybox_single fancy_style=&#8221;style-3&#8243; icon_fontawesome=&#8221;fa fa-volume-control-phone&#8221; title_item=&#8221;PERS\u00d6NLICH&#8221; description_item=&#8221;Mit Energie, Begeisterung und Fachwissen arbeiten wir jeden Tag hart f\u00fcr unsere Kunden. Die N\u00e4he zu unseren Kunden ist f\u00fcr uns von entscheidender Bedeutung, um au\u00dfergew\u00f6hnliche Dienstleistungen zu erbringen.&#8221;][\/vc_column][\/vc_row]<\/p>\n","protected":false},"excerpt":{"rendered":"<p>[vc_row css=&#8221;.vc_custom_1509955670549{padding-bottom: 65px !important;}&#8221;][vc_column][vc_custom_heading text=&#8221;ANGEBOT ANFORDERN&#8221; font_container=&#8221;tag:h1|text_align:left&#8221; use_theme_fonts=&#8221;yes&#8221;][\/vc_column][\/vc_row][vc_row full_width=&#8221;stretch_row&#8221; css=&#8221;.vc_custom_1509956475985{margin-bottom: -30px !important;padding-top: 55px !important;padding-bottom: 55px !important;background-color: #f0f0f0 !important;}&#8221;][vc_column width=&#8221;1\/3&#8243;][cms_fancybox_single fancy_style=&#8221;style-3&#8243; icon_fontawesome=&#8221;fa fa-shield&#8221; title_item=&#8221;VERANTWORTLICH&#8221; description_item=&#8221;Wir behandeln unsere Kunden, Mitarbeiter und Gesch\u00e4ftspartner mit Respekt.Unsere Gesch\u00e4ftsbeziehung sind immer auf einem offenen Dialog basiert.Wir halten unser Wort und unsere Versprechen.&#8221;][\/vc_column][vc_column width=&#8221;1\/3&#8243;][cms_fancybox_single fancy_style=&#8221;style-3&#8243; icon_fontawesome=&#8221;fa fa-tachometer&#8221; title_item=&#8221;NACHHALTIG&#8221; description_item=&#8221;Wir wollen Mehrwert schaffen<\/p>\n","protected":false},"author":1,"featured_media":0,"parent":0,"menu_order":0,"comment_status":"closed","ping_status":"closed","template":"","meta":{"ngg_post_thumbnail":0,"footnotes":""},"class_list":["post-878","page","type-page","status-publish","hentry"],"_links":{"self":[{"href":"https:\/\/secnik.eu\/de\/wp-json\/wp\/v2\/pages\/878","targetHints":{"allow":["GET"]}}],"collection":[{"href":"https:\/\/secnik.eu\/de\/wp-json\/wp\/v2\/pages"}],"about":[{"href":"https:\/\/secnik.eu\/de\/wp-json\/wp\/v2\/types\/page"}],"author":[{"embeddable":true,"href":"https:\/\/secnik.eu\/de\/wp-json\/wp\/v2\/users\/1"}],"replies":[{"embeddable":true,"href":"https:\/\/secnik.eu\/de\/wp-json\/wp\/v2\/comments?post=878"}],"version-history":[{"count":5,"href":"https:\/\/secnik.eu\/de\/wp-json\/wp\/v2\/pages\/878\/revisions"}],"predecessor-version":[{"id":1994,"href":"https:\/\/secnik.eu\/de\/wp-json\/wp\/v2\/pages\/878\/revisions\/1994"}],"wp:attachment":[{"href":"https:\/\/secnik.eu\/de\/wp-json\/wp\/v2\/media?parent=878"}],"curies":[{"name":"wp","href":"https:\/\/api.w.org\/{rel}","templated":true}]}}