{"id":144,"date":"2017-10-05T10:09:35","date_gmt":"2017-10-05T09:09:35","guid":{"rendered":"http:\/\/dev.joomexp.com\/wordpress\/cargo-pifour\/?page_id=144"},"modified":"2019-04-16T14:05:01","modified_gmt":"2019-04-16T14:05:01","slug":"company","status":"publish","type":"page","link":"https:\/\/secnik.eu\/sl\/company\/","title":{"rendered":"PREDSTAVITEV PODJETJA"},"content":{"rendered":"<p>[vc_row css=&#8221;.vc_custom_1507714178001{margin-bottom: 60px !important;}&#8221;][vc_column width=&#8221;1\/2&#8243; css=&#8221;.vc_custom_1507714104566{padding-top: 33px !important;}&#8221;][vc_custom_heading text=&#8221;O NAS&#8221; font_container=&#8221;tag:h5|text_align:left&#8221; use_theme_fonts=&#8221;yes&#8221; css=&#8221;.vc_custom_1551794813185{padding-bottom: 10px !important;}&#8221;][vc_column_text]Podjetje Se\u010dnik Transport je bilo ustanovljeno leta 1978.<\/p>\n<p>V ve\u010d kot 40 letnem delovanju se je podjetje stalno razvijalo na podro\u010dju transportnih storitev skupaj s pomo\u010djo in s sodelovanjem na\u0161ih doma\u010dih in tujih naro\u010dnikov.<\/p>\n<p>Na\u0161e storitve in kapacitete stalno prilagajamo \u017eeljam naro\u010dnikov&nbsp; ter sledimo njihovim zahtevam, s tem pa smo si pridobili njihovo dolgoletno zaupanje.<\/p>\n<p>Podjetje je usmerjeno s svojimi transportnimi storitvami na tr\u017ei\u0161\u010da zahodne Evrope. Najve\u010d prevozov opravimo v Dr\u017eave: Anglija, Belgija, Nizozemska, Nem\u010dija.<\/p>\n<h2><strong>Na\u0161e <\/strong>glavne prednosti<strong>:<\/strong><\/h2>\n<ul>\n<li>Sodoben in vrhunsko opremljen ekolo\u0161ki vozni park, ki ustreza zahtevam standardov Evropske unije.<\/li>\n<li>Skrbno vzdr\u017eevan voznik park z vozili ki niso starej\u0161a od 4 let<\/li>\n<li>Optimizacija celotne transportne storitve, ter stalno pove\u010devanje na\u0161e konkuren\u010dnosti<\/li>\n<li>Dolgoletne izku\u0161nje v mednarodnih prevozih blaga,<\/li>\n<li>Zanesljivi vozniki, ki se nenehno dodatno usposabljajo<\/li>\n<li>Dobro razvejana mednarodna komercialna mre\u017ea poslovnih partnerjev<\/li>\n<\/ul>\n<p>[\/vc_column_text][vc_single_image image=&#8221;1900&#8243; img_size=&#8221;medium&#8221;][\/vc_column][vc_column width=&#8221;1\/2&#8243;][vc_single_image image=&#8221;1552&#8243; img_size=&#8221;medium&#8221;][vc_single_image image=&#8221;1863&#8243; img_size=&#8221;medium&#8221; onclick=&#8221;custom_link&#8221; img_link_target=&#8221;_blank&#8221; link=&#8221;https:\/\/aaa.bisnode.si\/certificate?companyID=SI1000003451542&amp;lang=sl-SL&#8221;][\/vc_column][vc_column][\/vc_column][\/vc_row][vc_row full_width=&#8221;stretch_row&#8221; css=&#8221;.vc_custom_1507865499160{padding-top: 75px !important;padding-bottom: 30px !important;background-color: #f0f0f0 !important;}&#8221;][vc_column width=&#8221;1\/2&#8243; css=&#8221;.vc_custom_1507865489305{margin-bottom: 45px !important;}&#8221;][vc_column_text css=&#8221;.vc_custom_1551794636172{padding-left: 0px !important;}&#8221;]<\/p>\n<h2>SPO\u0160TLJIVO<\/h2>\n<ul>\n<li>S svojimi strankami, zaposlenimi in poslovnimi partnerji ravnamo spo\u0161tljivo, odnos z njimi pa temelji na odprtem dialogu. Dr\u017eimo besedo in obljube. Za nas je spo\u0161tovanje in zaupanje osnova za uspe\u0161no delo z drugimi.<\/li>\n<\/ul>\n<h2>TRAJNOSTNO<\/h2>\n<ul>\n<li>Na vseh ravneh na\u0161e organizacije in poslovnih enot \u017eelimo dodati vrednost in delovati odgovorno. Prizadevamo si za trajnostni uspeh in skrbno ravnamo z na\u0161im podjetjem in njegovimi viri. Poleg tega nenehno izbolj\u0161ujemo na\u0161e procese.<\/li>\n<\/ul>\n<p>[\/vc_column_text][\/vc_column][vc_column width=&#8221;1\/2&#8243;][vc_column_text css=&#8221;.vc_custom_1551794713517{padding-left: 0px !important;}&#8221;]<\/p>\n<h2>OSEBNO<\/h2>\n<ul>\n<li>Z energijo, navdu\u0161enjem in strokovnim znanjem vsak dan trdo delamo v imenu na\u0161ih strank. Biti blizu na\u0161ih strank je za nas bistven vidik zagotavljanja izjemnih storitev. Strankam nudimo osebno podporo, ki jim pomaga premagati izzive in dose\u010di uspeh. Z na\u0161imi strankami vzdr\u017eujemo tesne, dolgoro\u010dne odnose na vseh ravneh na\u0161e organizacije.<\/li>\n<\/ul>\n<h2>NEODVISNO<\/h2>\n<ul>\n<li>Z na\u0161o podjetni\u0161ko neodvisnostjo razvijamo pregledne, po\u0161tene in optimalne re\u0161itve za na\u0161e stranke.<\/li>\n<\/ul>\n<p>[\/vc_column_text][\/vc_column][\/vc_row][vc_row][vc_column][\/vc_column][\/vc_row]<\/p>\n","protected":false},"excerpt":{"rendered":"<p>[vc_row css=&#8221;.vc_custom_1507714178001{margin-bottom: 60px !important;}&#8221;][vc_column width=&#8221;1\/2&#8243; css=&#8221;.vc_custom_1507714104566{padding-top: 33px !important;}&#8221;][vc_custom_heading text=&#8221;O NAS&#8221; font_container=&#8221;tag:h5|text_align:left&#8221; use_theme_fonts=&#8221;yes&#8221; css=&#8221;.vc_custom_1551794813185{padding-bottom: 10px !important;}&#8221;][vc_column_text]Podjetje Se\u010dnik Transport je bilo ustanovljeno leta 1978. V ve\u010d kot 40 letnem delovanju se je podjetje stalno razvijalo na podro\u010dju transportnih storitev skupaj s pomo\u010djo in s sodelovanjem na\u0161ih doma\u010dih in tujih naro\u010dnikov. Na\u0161e storitve in kapacitete stalno prilagajamo \u017eeljam<\/p>\n","protected":false},"author":3,"featured_media":0,"parent":0,"menu_order":0,"comment_status":"closed","ping_status":"closed","template":"","meta":{"ngg_post_thumbnail":0,"footnotes":""},"class_list":["post-144","page","type-page","status-publish","hentry"],"_links":{"self":[{"href":"https:\/\/secnik.eu\/sl\/wp-json\/wp\/v2\/pages\/144","targetHints":{"allow":["GET"]}}],"collection":[{"href":"https:\/\/secnik.eu\/sl\/wp-json\/wp\/v2\/pages"}],"about":[{"href":"https:\/\/secnik.eu\/sl\/wp-json\/wp\/v2\/types\/page"}],"author":[{"embeddable":true,"href":"https:\/\/secnik.eu\/sl\/wp-json\/wp\/v2\/users\/3"}],"replies":[{"embeddable":true,"href":"https:\/\/secnik.eu\/sl\/wp-json\/wp\/v2\/comments?post=144"}],"version-history":[{"count":33,"href":"https:\/\/secnik.eu\/sl\/wp-json\/wp\/v2\/pages\/144\/revisions"}],"predecessor-version":[{"id":2002,"href":"https:\/\/secnik.eu\/sl\/wp-json\/wp\/v2\/pages\/144\/revisions\/2002"}],"wp:attachment":[{"href":"https:\/\/secnik.eu\/sl\/wp-json\/wp\/v2\/media?parent=144"}],"curies":[{"name":"wp","href":"https:\/\/api.w.org\/{rel}","templated":true}]}}