{"id":1574,"date":"2019-01-26T15:16:53","date_gmt":"2019-01-26T15:16:53","guid":{"rendered":"http:\/\/secnik.dr-strange.si\/sl\/sl\/?page_id=1574"},"modified":"2019-04-19T09:13:47","modified_gmt":"2019-04-19T09:13:47","slug":"our-fleet","status":"publish","type":"page","link":"https:\/\/secnik.eu\/sl\/our-fleet\/","title":{"rendered":"NA\u0160 VOZNI PARK"},"content":{"rendered":"<p>[vc_section][vc_row][vc_column][vc_column_text]Najvi\u0161jo kakovost storitve lahko zagotovijo le najsodobnej\u0161a vozila, ki jih upravlja usposobljen in zanesljiv kader.<\/p>\n<h5><strong>Na\u0161 vozni park obsega 55 lastnih kamionov, ki izpolnjujejo najvi\u0161je zahtevane evropske ekolo\u0161ke standarde (EURO 6 motorji):<\/strong><\/h5>\n<p>Opravljamo volumenske, kompletne , zbirne, kosovne, nujne in klasi\u010dne prevoze tovorov do mase 26 ton po celotni Evropi in dr\u017eavah biv\u0161e Jugoslavije.<\/p>\n<p>Prevoze opravljamo z vla\u010dilci in polpriklopniki ter priklopniki za naro\u010dnike razli\u010dnih industrijskih panog: avtomobilska, gradbena, papirni\u0161ka, tekstilna, prehrambena, pohi\u0161tvena, industrija bele tehnike.<\/p>\n<p>Vsa na\u0161a vozila so opremljena z modernim navigacijskim sistemom, ki omogo\u010da spremljanje poti prevoza tovora na\u0161ih naro\u010dnikov.[\/vc_column_text][vc_single_image image=&#8221;2017&#8243; img_size=&#8221;large&#8221;][vc_column_text]<\/p>\n<ul>\n<li><strong>20 Vozil &#8211; Vla\u010dilcev&nbsp;<\/strong>100 m3 (33 EP), nosilnost 24-26t<br \/>\nDimenzije: 13,60&#215;2,50&#215;3,00<\/li>\n<\/ul>\n<p>[\/vc_column_text][vc_images_carousel images=&#8221;1834&#8243; img_size=&#8221;large&#8221;][vc_column_text]<\/p>\n<ul>\n<li><strong>25 Vozil Prikoli\u010darjev&nbsp;<\/strong>120 m3 (38 EP),nosilnost 24t<br \/>\nDimenzije: 7,30&#215;2,50&#215;3,00 + 8,20&#215;2,50&#215;3,00<\/li>\n<\/ul>\n<p>[\/vc_column_text][vc_images_carousel images=&#8221;1833&#8243; img_size=&#8221;large&#8221;][vc_column_text]<\/p>\n<ul>\n<li><strong>10 Prikoli\u010darji<\/strong>&nbsp;120 m3 (38 EP),nosilnost 24 t<br \/>\nDimenzije: 7,70&#215;2,50&#215;3,00&nbsp;+&nbsp;7,70&#215;2,50&#215;3,00<\/li>\n<\/ul>\n<p>[\/vc_column_text][vc_images_carousel images=&#8221;1829&#8243; img_size=&#8221;large&#8221;][vc_column_text]<\/p>\n<ul>\n<li><strong>1&nbsp;Vla\u010dilec<\/strong> 100 m3 (33 EP),nosilnost 24t-26t<br \/>\nDimenzije: 13,6&#215;2,60&#215;3,25<\/li>\n<\/ul>\n<p>[\/vc_column_text][vc_images_carousel images=&#8221;2000&#8243; img_size=&#8221;large&#8221;][vc_column_text]<\/p>\n<ul>\n<li><strong>1&nbsp;Solo vozilo z dvi\u017eno rampo<\/strong>&nbsp;(20 EP)<br \/>\nDimenzije: 8,4&#215;2,45&#215;2,70<\/li>\n<\/ul>\n<p>[\/vc_column_text][vc_images_carousel images=&#8221;2071&#8243; img_size=&#8221;large&#8221;][\/vc_column][\/vc_row][vc_row][vc_column][vc_column_text]<\/p>\n<h2>JUMBO TRANSPORT<\/h2>\n<p><span style=\"font-weight: 400;\">Cilj podjetja Se\u010dnik Transport je biti aktivni partner za podjetja s transportno-logisti\u010dnimi zahtevami tako v Sloveniji kot tudi v drugih dr\u017eavah, ki so tesno povezane z na\u0161im transportnim konceptom. Na\u0161e zna\u010dilnosti so kakovost, osebna storitev in prilagodljivost. To nam zagotavljajo dobro usposobljeni in predani zaposleni ter \u0161iroka mre\u017ea zunanjih partnerjev.<\/span><\/p>\n<p><span style=\"font-weight: 400;\">Za doseganje najve\u010djega obsega prevoza je treba uporabiti ustrezne kapacitete, zato uporabljamo tako imenovane jumbo tovornjake in mega prikolice za prevoze prostornine na dolo\u010denih relacijah.<\/span><\/p>\n<p><span style=\"font-weight: 400;\">Prevzamemo tako delne kot polne prevoze. Za prevoz uporabljamo sodobne 120 m\u00b3 jumbo tovornjake. Na\u0161i tovornjaki s prostorom do 38 paletnih mest ustrezajo vsaki posamezni po\u0161iljki po va\u0161ih potrebah.<\/span><\/p>\n<p><span style=\"font-weight: 400;\">Tovor lahko nalo\u017eite na kamion od zadaj, od zgoraj in tudi s strani.<\/span><\/p>\n<p><span style=\"font-weight: 400;\">Vsi na\u0161i tovornjaki so opremljeni z satelitskim sistemom GPS, ki omogo\u010da nadzor natan\u010dne lokacije vozila v realnem \u010dasu. <\/span>[\/vc_column_text][\/vc_column][\/vc_row][\/vc_section][vc_row][vc_column width=&#8221;1\/3&#8243;][vc_icon icon_fontawesome=&#8221;fa fa-window-maximize&#8221; color=&#8221;custom&#8221; align=&#8221;center&#8221; custom_color=&#8221;#dd3333&#8243;][vc_column_text]<\/p>\n<p style=\"text-align: center;\">7.72+7.72 LDM x 2.48m x 3m<\/p>\n<p>[\/vc_column_text][\/vc_column][vc_column width=&#8221;1\/3&#8243;][vc_icon icon_fontawesome=&#8221;fa fa-truck&#8221; color=&#8221;custom&#8221; align=&#8221;center&#8221; custom_color=&#8221;#dd3333&#8243;][vc_column_text]<\/p>\n<table id=\"customers\">\n<tbody>\n<tr>\n<td>38 Pallets<\/td>\n<td>24 Tons<\/td>\n<td>120 Cbm<\/td>\n<\/tr>\n<\/tbody>\n<\/table>\n<p>[\/vc_column_text][\/vc_column][vc_column width=&#8221;1\/3&#8243;][vc_icon icon_fontawesome=&#8221;fa fa-external-link&#8221; color=&#8221;custom&#8221; align=&#8221;center&#8221; custom_color=&#8221;#dd3333&#8243;][vc_column_text]<\/p>\n<p style=\"text-align: center;\">Loads from sides, back or top<\/p>\n<p>[\/vc_column_text][\/vc_column][\/vc_row][vc_row][vc_column][vc_column_text][\/vc_column_text][vc_separator][vc_column_text]<\/p>\n<div id=\"page-title-text\" class=\"page-title-text col-xs-12 col-sm-12 col-md-12 col-lg-12\">\n<h2>EXPRESS STORITVE<\/h2>\n<p><span style=\"font-weight: 400;\">Se\u010dnik Transport ponuja prevozne storitve z enojnimi ali dvojnimi vozniki za kratke ali dolge razdalje glede na potrebe naro\u010dnika. Vse hitre prevoze bomo izvajali z najve\u010djo pozornostjo in skrbnostjo \u010dasovnega poteka potovanja, obenem pa spo\u0161tovali evropske predpise o cestah in voznikih.<\/span><\/p>\n<p><span style=\"font-weight: 400;\">Nudimo storitve hitrega &nbsp;prevoza po dr\u017eavah, kot so Francija, Nem\u010dija, Avstrija, Belgija, Nizozemska, Velika Britanija, na zahtevo pa tudi po ostalih evropskih dr\u017eavah.<\/span><\/p>\n<\/div>\n<p>[\/vc_column_text][\/vc_column][vc_column width=&#8221;1\/2&#8243;][\/vc_column][\/vc_row][vc_section][\/vc_section]<\/p>\n","protected":false},"excerpt":{"rendered":"<p>[vc_section][vc_row][vc_column][vc_column_text]Najvi\u0161jo kakovost storitve lahko zagotovijo le najsodobnej\u0161a vozila, ki jih upravlja usposobljen in zanesljiv kader. Na\u0161 vozni park obsega 55 lastnih kamionov, ki izpolnjujejo najvi\u0161je zahtevane evropske ekolo\u0161ke standarde (EURO 6 motorji): Opravljamo volumenske, kompletne , zbirne, kosovne, nujne in klasi\u010dne prevoze tovorov do mase 26 ton po celotni Evropi in dr\u017eavah biv\u0161e Jugoslavije. Prevoze<\/p>\n","protected":false},"author":3,"featured_media":0,"parent":0,"menu_order":0,"comment_status":"closed","ping_status":"closed","template":"","meta":{"ngg_post_thumbnail":0,"footnotes":""},"class_list":["post-1574","page","type-page","status-publish","hentry"],"_links":{"self":[{"href":"https:\/\/secnik.eu\/sl\/wp-json\/wp\/v2\/pages\/1574","targetHints":{"allow":["GET"]}}],"collection":[{"href":"https:\/\/secnik.eu\/sl\/wp-json\/wp\/v2\/pages"}],"about":[{"href":"https:\/\/secnik.eu\/sl\/wp-json\/wp\/v2\/types\/page"}],"author":[{"embeddable":true,"href":"https:\/\/secnik.eu\/sl\/wp-json\/wp\/v2\/users\/3"}],"replies":[{"embeddable":true,"href":"https:\/\/secnik.eu\/sl\/wp-json\/wp\/v2\/comments?post=1574"}],"version-history":[{"count":56,"href":"https:\/\/secnik.eu\/sl\/wp-json\/wp\/v2\/pages\/1574\/revisions"}],"predecessor-version":[{"id":2078,"href":"https:\/\/secnik.eu\/sl\/wp-json\/wp\/v2\/pages\/1574\/revisions\/2078"}],"wp:attachment":[{"href":"https:\/\/secnik.eu\/sl\/wp-json\/wp\/v2\/media?parent=1574"}],"curies":[{"name":"wp","href":"https:\/\/api.w.org\/{rel}","templated":true}]}}