{"id":1580,"date":"2019-01-26T15:19:11","date_gmt":"2019-01-26T15:19:11","guid":{"rendered":"http:\/\/secnik.dr-strange.si\/sl\/sl\/?page_id=1580"},"modified":"2019-04-16T14:36:58","modified_gmt":"2019-04-16T14:36:58","slug":"transport-routes","status":"publish","type":"page","link":"https:\/\/secnik.eu\/sl\/transport-routes\/","title":{"rendered":"RELACIJE"},"content":{"rendered":"<p>[vc_row][vc_column][vc_single_image image=&#8221;2007&#8243; img_size=&#8221;full&#8221; alignment=&#8221;center&#8221;][\/vc_column][\/vc_row][vc_row][vc_column][vc_column_text]<\/p>\n<p style=\"text-align: center;\">Prevoze tedensko opravljamo v in iz slede\u010dih dr\u017eav:<br \/>\nVelika Britanija, Nizozemska, Luksemburg, Belgija, Nem\u010dija, Francija, Avstrija, Italija, \u0160vedska, Danska, Poljska, \u010ce\u0161ka, Mad\u017earska, Slova\u0161ka, Hrva\u0161ka, Bosna..<br \/>\nDnevno opravljamo prevoze po celotni Sloveniji in Avstriji. Nudimo mo\u017enost prevoza kompletnih in delnih po\u0161iljk.<\/p>\n<p>[\/vc_column_text][\/vc_column][\/vc_row]<\/p>\n","protected":false},"excerpt":{"rendered":"<p>[vc_row][vc_column][vc_single_image image=&#8221;2007&#8243; img_size=&#8221;full&#8221; alignment=&#8221;center&#8221;][\/vc_column][\/vc_row][vc_row][vc_column][vc_column_text] Prevoze tedensko opravljamo v in iz slede\u010dih dr\u017eav: Velika Britanija, Nizozemska, Luksemburg, Belgija, Nem\u010dija, Francija, Avstrija, Italija, \u0160vedska, Danska, Poljska, \u010ce\u0161ka, Mad\u017earska, Slova\u0161ka, Hrva\u0161ka, Bosna.. Dnevno opravljamo prevoze po celotni Sloveniji in Avstriji. Nudimo mo\u017enost prevoza kompletnih in delnih po\u0161iljk. [\/vc_column_text][\/vc_column][\/vc_row]<\/p>\n","protected":false},"author":3,"featured_media":0,"parent":0,"menu_order":0,"comment_status":"closed","ping_status":"closed","template":"","meta":{"ngg_post_thumbnail":0,"footnotes":""},"class_list":["post-1580","page","type-page","status-publish","hentry"],"_links":{"self":[{"href":"https:\/\/secnik.eu\/sl\/wp-json\/wp\/v2\/pages\/1580","targetHints":{"allow":["GET"]}}],"collection":[{"href":"https:\/\/secnik.eu\/sl\/wp-json\/wp\/v2\/pages"}],"about":[{"href":"https:\/\/secnik.eu\/sl\/wp-json\/wp\/v2\/types\/page"}],"author":[{"embeddable":true,"href":"https:\/\/secnik.eu\/sl\/wp-json\/wp\/v2\/users\/3"}],"replies":[{"embeddable":true,"href":"https:\/\/secnik.eu\/sl\/wp-json\/wp\/v2\/comments?post=1580"}],"version-history":[{"count":18,"href":"https:\/\/secnik.eu\/sl\/wp-json\/wp\/v2\/pages\/1580\/revisions"}],"predecessor-version":[{"id":2008,"href":"https:\/\/secnik.eu\/sl\/wp-json\/wp\/v2\/pages\/1580\/revisions\/2008"}],"wp:attachment":[{"href":"https:\/\/secnik.eu\/sl\/wp-json\/wp\/v2\/media?parent=1580"}],"curies":[{"name":"wp","href":"https:\/\/api.w.org\/{rel}","templated":true}]}}