{"id":1586,"date":"2019-01-26T15:20:21","date_gmt":"2019-01-26T15:20:21","guid":{"rendered":"http:\/\/secnik.dr-strange.si\/sl\/sl\/?page_id=1586"},"modified":"2019-04-16T14:21:39","modified_gmt":"2019-04-16T14:21:39","slug":"warehousing","status":"publish","type":"page","link":"https:\/\/secnik.eu\/sl\/warehousing\/","title":{"rendered":"SKLADI\u0160\u010cENJE"},"content":{"rendered":"<p>[vc_row][vc_column width=&#8221;1\/2&#8243;][vc_column_text]<\/p>\n<div class=\"section\">\n<div class=\"layoutArea\">\n<div class=\"column\">\n<p>Imamo pokrito skladi\u0161\u010de s povr\u0161ino 5000 m\u00b2, ki je prilagojeno za skladi\u0161\u010denje vseh vrst blaga.<br \/>\nNe glede na va\u0161o dejavnost vam lahko zagotovimo optimalno logistiko in omogo\u010dimo enostavno upravljanje z blagom z optimizacijo stro\u0161kov.<br \/>\nVa\u0161e blago je v na\u0161em skladi\u0161\u010du varno, vedno na voljo na va\u0161o zahtevo. Da bi zagotovili fleksibilnost pri ravnanju s tovorom, uporabljamo lastne vili\u010darje s 5t dvi\u017eno zmogljivostjo.<br \/>\nSe\u010dnik Transport ponuja storitve skladi\u0161\u010denja na lokaciji:<br \/>\n<strong>Se\u010dnik Transport d.o.o., Kidri\u010deva c.60, 4220 \u0160kofja Loka<\/strong><\/p>\n<\/div>\n<\/div>\n<\/div>\n<p>[\/vc_column_text][\/vc_column][vc_column width=&#8221;1\/2&#8243;][vc_single_image image=&#8221;1843&#8243; img_size=&#8221;full&#8221;][\/vc_column][\/vc_row]<\/p>\n","protected":false},"excerpt":{"rendered":"<p>[vc_row][vc_column width=&#8221;1\/2&#8243;][vc_column_text] Imamo pokrito skladi\u0161\u010de s povr\u0161ino 5000 m\u00b2, ki je prilagojeno za skladi\u0161\u010denje vseh vrst blaga. Ne glede na va\u0161o dejavnost vam lahko zagotovimo optimalno logistiko in omogo\u010dimo enostavno upravljanje z blagom z optimizacijo stro\u0161kov. Va\u0161e blago je v na\u0161em skladi\u0161\u010du varno, vedno na voljo na va\u0161o zahtevo. Da bi zagotovili fleksibilnost pri ravnanju<\/p>\n","protected":false},"author":3,"featured_media":0,"parent":0,"menu_order":0,"comment_status":"closed","ping_status":"closed","template":"","meta":{"ngg_post_thumbnail":0,"footnotes":""},"class_list":["post-1586","page","type-page","status-publish","hentry"],"_links":{"self":[{"href":"https:\/\/secnik.eu\/sl\/wp-json\/wp\/v2\/pages\/1586","targetHints":{"allow":["GET"]}}],"collection":[{"href":"https:\/\/secnik.eu\/sl\/wp-json\/wp\/v2\/pages"}],"about":[{"href":"https:\/\/secnik.eu\/sl\/wp-json\/wp\/v2\/types\/page"}],"author":[{"embeddable":true,"href":"https:\/\/secnik.eu\/sl\/wp-json\/wp\/v2\/users\/3"}],"replies":[{"embeddable":true,"href":"https:\/\/secnik.eu\/sl\/wp-json\/wp\/v2\/comments?post=1586"}],"version-history":[{"count":12,"href":"https:\/\/secnik.eu\/sl\/wp-json\/wp\/v2\/pages\/1586\/revisions"}],"predecessor-version":[{"id":2006,"href":"https:\/\/secnik.eu\/sl\/wp-json\/wp\/v2\/pages\/1586\/revisions\/2006"}],"wp:attachment":[{"href":"https:\/\/secnik.eu\/sl\/wp-json\/wp\/v2\/media?parent=1586"}],"curies":[{"name":"wp","href":"https:\/\/api.w.org\/{rel}","templated":true}]}}