{"id":1588,"date":"2019-01-26T15:20:40","date_gmt":"2019-01-26T15:20:40","guid":{"rendered":"http:\/\/secnik.dr-strange.si\/sl\/sl\/?page_id=1588"},"modified":"2019-04-16T14:19:45","modified_gmt":"2019-04-16T14:19:45","slug":"full-truck","status":"publish","type":"page","link":"https:\/\/secnik.eu\/sl\/full-truck\/","title":{"rendered":"KOMPLETEN NAKLAD"},"content":{"rendered":"<p>[vc_row][vc_column][vc_single_image image=&#8221;1906&#8243; img_size=&#8221;full&#8221;][vc_column_text]<\/p>\n<div class=\"section\">\n<div class=\"layoutArea\">\n<div class=\"column\">\n<div class=\"page\" title=\"Page 2\">\n<div class=\"section\">\n<div class=\"layoutArea\">\n<div class=\"column\">\n<p>Ne glede na to, ali gre za eno po\u0161iljko, nekaj palet ali ve\u010d kompletnih nakladov tedensko, vemo, kako ravnati z va\u0161imi po\u0161iljkami.<\/p>\n<p>Na\u0161a popolna storitev zagotavlja maksimalno to\u010dnost za va\u0161e nujne kompletne po\u0161iljke po vsej Evropi.<\/p>\n<p>Lahko organiziramo hitre prevoze in pravo\u010dasno dostavo ter razli\u010dne re\u0161itve za blago s posebnimi zahtevami.<\/p>\n<\/div>\n<\/div>\n<\/div>\n<\/div>\n<\/div>\n<\/div>\n<\/div>\n<p>[\/vc_column_text][\/vc_column][\/vc_row][vc_row][vc_column][vc_separator][\/vc_column][\/vc_row][vc_row][vc_column][\/vc_column][\/vc_row]<\/p>\n","protected":false},"excerpt":{"rendered":"<p>[vc_row][vc_column][vc_single_image image=&#8221;1906&#8243; img_size=&#8221;full&#8221;][vc_column_text] Ne glede na to, ali gre za eno po\u0161iljko, nekaj palet ali ve\u010d kompletnih nakladov tedensko, vemo, kako ravnati z va\u0161imi po\u0161iljkami. Na\u0161a popolna storitev zagotavlja maksimalno to\u010dnost za va\u0161e nujne kompletne po\u0161iljke po vsej Evropi. Lahko organiziramo hitre prevoze in pravo\u010dasno dostavo ter razli\u010dne re\u0161itve za blago s posebnimi zahtevami. [\/vc_column_text][\/vc_column][\/vc_row][vc_row][vc_column][vc_separator][\/vc_column][\/vc_row][vc_row][vc_column][\/vc_column][\/vc_row]<\/p>\n","protected":false},"author":3,"featured_media":0,"parent":0,"menu_order":0,"comment_status":"closed","ping_status":"closed","template":"","meta":{"ngg_post_thumbnail":0,"footnotes":""},"class_list":["post-1588","page","type-page","status-publish","hentry"],"_links":{"self":[{"href":"https:\/\/secnik.eu\/sl\/wp-json\/wp\/v2\/pages\/1588","targetHints":{"allow":["GET"]}}],"collection":[{"href":"https:\/\/secnik.eu\/sl\/wp-json\/wp\/v2\/pages"}],"about":[{"href":"https:\/\/secnik.eu\/sl\/wp-json\/wp\/v2\/types\/page"}],"author":[{"embeddable":true,"href":"https:\/\/secnik.eu\/sl\/wp-json\/wp\/v2\/users\/3"}],"replies":[{"embeddable":true,"href":"https:\/\/secnik.eu\/sl\/wp-json\/wp\/v2\/comments?post=1588"}],"version-history":[{"count":18,"href":"https:\/\/secnik.eu\/sl\/wp-json\/wp\/v2\/pages\/1588\/revisions"}],"predecessor-version":[{"id":2005,"href":"https:\/\/secnik.eu\/sl\/wp-json\/wp\/v2\/pages\/1588\/revisions\/2005"}],"wp:attachment":[{"href":"https:\/\/secnik.eu\/sl\/wp-json\/wp\/v2\/media?parent=1588"}],"curies":[{"name":"wp","href":"https:\/\/api.w.org\/{rel}","templated":true}]}}