{"id":1592,"date":"2019-01-26T15:21:11","date_gmt":"2019-01-26T15:21:11","guid":{"rendered":"http:\/\/secnik.dr-strange.si\/sl\/sl\/?page_id=1592"},"modified":"2019-03-25T16:22:13","modified_gmt":"2019-03-25T16:22:13","slug":"ltl","status":"publish","type":"page","link":"https:\/\/secnik.eu\/sl\/ltl\/","title":{"rendered":"DELNA PO\u0160ILIKA"},"content":{"rendered":"<p>[vc_row][vc_column][vc_single_image image=&#8221;1909&#8243; img_size=&#8221;full&#8221;][vc_column_text]<\/p>\n<div class=\"page\" title=\"Page 2\">\n<div class=\"section\">\n<div class=\"layoutArea\">\n<div class=\"column\">\n<p>S storitvijo delnega prevoza pla\u010date samo za prostor, ki ga potrebujete. Vzdr\u017eujemo redne tovorne odhode in zagotavljamo lastno mre\u017eo centralno postavljenih vozli\u0161\u010d in skladi\u0161\u010d. Pridobite najbolj\u0161e cene za va\u0161e prevoze po vsej Evropi z na\u0161imi u\u010dinkovitimi storitvami, hkrati pa so po\u0161iljke hitro in u\u010dinkovito na svoji destinaciji.<\/p>\n<\/div>\n<\/div>\n<\/div>\n<\/div>\n<p>[\/vc_column_text][\/vc_column][\/vc_row][vc_row][vc_column][\/vc_column][\/vc_row]<\/p>\n","protected":false},"excerpt":{"rendered":"<p>[vc_row][vc_column][vc_single_image image=&#8221;1909&#8243; img_size=&#8221;full&#8221;][vc_column_text] S storitvijo delnega prevoza pla\u010date samo za prostor, ki ga potrebujete. Vzdr\u017eujemo redne tovorne odhode in zagotavljamo lastno mre\u017eo centralno postavljenih vozli\u0161\u010d in skladi\u0161\u010d. Pridobite najbolj\u0161e cene za va\u0161e prevoze po vsej Evropi z na\u0161imi u\u010dinkovitimi storitvami, hkrati pa so po\u0161iljke hitro in u\u010dinkovito na svoji destinaciji. [\/vc_column_text][\/vc_column][\/vc_row][vc_row][vc_column][\/vc_column][\/vc_row]<\/p>\n","protected":false},"author":3,"featured_media":0,"parent":0,"menu_order":0,"comment_status":"closed","ping_status":"closed","template":"","meta":{"ngg_post_thumbnail":0,"footnotes":""},"class_list":["post-1592","page","type-page","status-publish","hentry"],"_links":{"self":[{"href":"https:\/\/secnik.eu\/sl\/wp-json\/wp\/v2\/pages\/1592","targetHints":{"allow":["GET"]}}],"collection":[{"href":"https:\/\/secnik.eu\/sl\/wp-json\/wp\/v2\/pages"}],"about":[{"href":"https:\/\/secnik.eu\/sl\/wp-json\/wp\/v2\/types\/page"}],"author":[{"embeddable":true,"href":"https:\/\/secnik.eu\/sl\/wp-json\/wp\/v2\/users\/3"}],"replies":[{"embeddable":true,"href":"https:\/\/secnik.eu\/sl\/wp-json\/wp\/v2\/comments?post=1592"}],"version-history":[{"count":9,"href":"https:\/\/secnik.eu\/sl\/wp-json\/wp\/v2\/pages\/1592\/revisions"}],"predecessor-version":[{"id":1910,"href":"https:\/\/secnik.eu\/sl\/wp-json\/wp\/v2\/pages\/1592\/revisions\/1910"}],"wp:attachment":[{"href":"https:\/\/secnik.eu\/sl\/wp-json\/wp\/v2\/media?parent=1592"}],"curies":[{"name":"wp","href":"https:\/\/api.w.org\/{rel}","templated":true}]}}